{"id":2,"date":"2026-01-24T02:31:06","date_gmt":"2026-01-24T02:31:06","guid":{"rendered":"http:\/\/gozdeguzelliksalonu.com\/?page_id=2"},"modified":"2026-01-31T13:17:24","modified_gmt":"2026-01-31T13:17:24","slug":"sample-page","status":"publish","type":"page","link":"https:\/\/gozdeguzelliksalonu.com\/index.php\/sample-page\/","title":{"rendered":"Diyarbak\u0131r Lazer Epilasyon"},"content":{"rendered":"\n<p>Lazer Epilasyon Merkezi; uzman ve tecr\u00fcbeli ekibiyle, size modern lazer epilasyon hizmeti veren en g\u00fcvenilir g\u00fczellik salonlar\u0131ndan biridir.<\/p>\n\n\n\n<p><\/p>\n\n\n\n<p>Son Teknoloji Lazer Epilasyon Cihazlar\u0131yla A\u011fr\u0131s\u0131z, Ac\u0131s\u0131z, Kal\u0131c\u0131 P\u00fcr\u00fczs\u00fczl\u00fck<\/p>\n\n\n\n<p><\/p>\n\n\n\n<h2 class=\"wp-block-heading\"><\/h2>\n\n\n\n<p>D\u00fcnya da yayg\u0131n olarak kullan\u0131lan \u00fc\u00e7\u00fcnc\u00fc nesil teknoloji olarakta nitelendirilen<\/p>\n\n\n\n<p>Alexandrite Candela lazer her tip cilt rengine uyumlu,h\u0131zl\u0131,konforlu ve kullan\u0131\u015fl\u0131<\/p>\n\n\n\n<p>birinci s\u0131n\u0131f lazer epilasyon sistemidir. <\/p>\n\n\n\n<p>Lazer Epilasyon Diyarbak\u0131r<\/p>\n\n\n\n<p><\/p>\n","protected":false},"excerpt":{"rendered":"<p>Lazer Epilasyon Merkezi; uzman ve tecr\u00fcbeli ekibiyle, size modern lazer epilasyon hizmeti veren [&hellip;]<\/p>\n","protected":false},"author":1,"featured_media":0,"parent":0,"menu_order":2,"comment_status":"closed","ping_status":"open","template":"","meta":{"_joinchat":[],"footnotes":""},"class_list":["post-2","page","type-page","status-publish","hentry"],"_links":{"self":[{"href":"https:\/\/gozdeguzelliksalonu.com\/index.php\/wp-json\/wp\/v2\/pages\/2","targetHints":{"allow":["GET"]}}],"collection":[{"href":"https:\/\/gozdeguzelliksalonu.com\/index.php\/wp-json\/wp\/v2\/pages"}],"about":[{"href":"https:\/\/gozdeguzelliksalonu.com\/index.php\/wp-json\/wp\/v2\/types\/page"}],"author":[{"embeddable":true,"href":"https:\/\/gozdeguzelliksalonu.com\/index.php\/wp-json\/wp\/v2\/users\/1"}],"replies":[{"embeddable":true,"href":"https:\/\/gozdeguzelliksalonu.com\/index.php\/wp-json\/wp\/v2\/comments?post=2"}],"version-history":[{"count":3,"href":"https:\/\/gozdeguzelliksalonu.com\/index.php\/wp-json\/wp\/v2\/pages\/2\/revisions"}],"predecessor-version":[{"id":327,"href":"https:\/\/gozdeguzelliksalonu.com\/index.php\/wp-json\/wp\/v2\/pages\/2\/revisions\/327"}],"wp:attachment":[{"href":"https:\/\/gozdeguzelliksalonu.com\/index.php\/wp-json\/wp\/v2\/media?parent=2"}],"curies":[{"name":"wp","href":"https:\/\/api.w.org\/{rel}","templated":true}]}}